{"id":10,"date":"2023-09-26T11:56:20","date_gmt":"2023-09-26T09:56:20","guid":{"rendered":"https:\/\/justsmile.hu\/?page_id=10"},"modified":"2025-12-15T21:55:02","modified_gmt":"2025-12-15T20:55:02","slug":"homepage","status":"publish","type":"page","link":"https:\/\/justsmile.hu\/de\/","title":{"rendered":"Home"},"content":{"rendered":"","protected":false},"excerpt":{"rendered":"","protected":false},"author":1,"featured_media":1487,"parent":0,"menu_order":0,"comment_status":"closed","ping_status":"closed","template":"","meta":{"_acf_changed":false,"inline_featured_image":false,"footnotes":""},"class_list":["post-10","page","type-page","status-publish","format-standard","has-post-thumbnail","hentry"],"acf":[],"yoast_head":"<!-- This site is optimized with the Yoast SEO Premium plugin v27.3 (Yoast SEO v27.3) - https:\/\/yoast.com\/product\/yoast-seo-premium-wordpress\/ -->\n<title>Top orthodontics and aesthetic dentistry in Budapest | Fair prices<\/title>\n<meta name=\"description\" content=\"JustSmile offers teeth alignment completely pain free and at affordable prices. Book your free appointment online.\" \/>\n<meta name=\"robots\" content=\"index, follow, max-snippet:-1, max-image-preview:large, max-video-preview:-1\" \/>\n<link rel=\"canonical\" href=\"https:\/\/justsmile.hu\/de\/\" \/>\n<meta property=\"og:locale\" content=\"de_DE\" \/>\n<meta property=\"og:type\" content=\"article\" \/>\n<meta property=\"og:title\" content=\"Home\" \/>\n<meta property=\"og:description\" content=\"JustSmile offers teeth alignment completely pain free and at affordable prices. Book your free appointment online.\" \/>\n<meta property=\"og:url\" content=\"https:\/\/justsmile.hu\/de\/\" \/>\n<meta property=\"og:site_name\" content=\"JustSmile\" \/>\n<meta property=\"article:modified_time\" content=\"2025-12-15T20:55:02+00:00\" \/>\n<meta property=\"og:image\" content=\"https:\/\/justsmile.hu\/wp-content\/uploads\/2024\/12\/FGT0376-scaled.jpg\" \/>\n\t<meta property=\"og:image:width\" content=\"2560\" \/>\n\t<meta property=\"og:image:height\" content=\"1708\" \/>\n\t<meta property=\"og:image:type\" content=\"image\/jpeg\" \/>\n<meta name=\"twitter:card\" content=\"summary_large_image\" \/>\n<meta name=\"twitter:label1\" content=\"Gesch\u00e4tzte Lesezeit\" \/>\n\t<meta name=\"twitter:data1\" content=\"5\u00a0Minuten\" \/>\n<script type=\"application\/ld+json\" class=\"yoast-schema-graph\">{\"@context\":\"https:\\\/\\\/schema.org\",\"@graph\":[{\"@type\":\"WebPage\",\"@id\":\"https:\\\/\\\/justsmile.hu\\\/\",\"url\":\"https:\\\/\\\/justsmile.hu\\\/\",\"name\":\"Top orthodontics and aesthetic dentistry in Budapest | Fair prices\",\"isPartOf\":{\"@id\":\"https:\\\/\\\/justsmile.hu\\\/hu\\\/#website\"},\"primaryImageOfPage\":{\"@id\":\"https:\\\/\\\/justsmile.hu\\\/#primaryimage\"},\"image\":{\"@id\":\"https:\\\/\\\/justsmile.hu\\\/#primaryimage\"},\"thumbnailUrl\":\"https:\\\/\\\/justsmile.hu\\\/wp-content\\\/uploads\\\/2024\\\/12\\\/FGT0376-scaled.jpg\",\"datePublished\":\"2023-09-26T09:56:20+00:00\",\"dateModified\":\"2025-12-15T20:55:02+00:00\",\"description\":\"JustSmile offers teeth alignment completely pain free and at affordable prices. Book your free appointment online.\",\"breadcrumb\":{\"@id\":\"https:\\\/\\\/justsmile.hu\\\/#breadcrumb\"},\"inLanguage\":\"de\",\"potentialAction\":[{\"@type\":\"ReadAction\",\"target\":[\"https:\\\/\\\/justsmile.hu\\\/\"]}]},{\"@type\":\"ImageObject\",\"inLanguage\":\"de\",\"@id\":\"https:\\\/\\\/justsmile.hu\\\/#primaryimage\",\"url\":\"https:\\\/\\\/justsmile.hu\\\/wp-content\\\/uploads\\\/2024\\\/12\\\/FGT0376-scaled.jpg\",\"contentUrl\":\"https:\\\/\\\/justsmile.hu\\\/wp-content\\\/uploads\\\/2024\\\/12\\\/FGT0376-scaled.jpg\",\"width\":2560,\"height\":1708},{\"@type\":\"BreadcrumbList\",\"@id\":\"https:\\\/\\\/justsmile.hu\\\/#breadcrumb\",\"itemListElement\":[{\"@type\":\"ListItem\",\"position\":1,\"name\":\"Home\",\"item\":\"https:\\\/\\\/justsmile.hu\\\/\"},{\"@type\":\"ListItem\",\"position\":2,\"name\":\"Home\"}]},{\"@type\":\"WebSite\",\"@id\":\"https:\\\/\\\/justsmile.hu\\\/hu\\\/#website\",\"url\":\"https:\\\/\\\/justsmile.hu\\\/hu\\\/\",\"name\":\"JustSmile\",\"description\":\"\",\"publisher\":{\"@id\":\"https:\\\/\\\/justsmile.hu\\\/hu\\\/#organization\"},\"alternateName\":\"Invisible braces for the perfect smile | at fair prices\",\"potentialAction\":[{\"@type\":\"SearchAction\",\"target\":{\"@type\":\"EntryPoint\",\"urlTemplate\":\"https:\\\/\\\/justsmile.hu\\\/hu\\\/?s={search_term_string}\"},\"query-input\":{\"@type\":\"PropertyValueSpecification\",\"valueRequired\":true,\"valueName\":\"search_term_string\"}}],\"inLanguage\":\"de\"},{\"@type\":\"Organization\",\"@id\":\"https:\\\/\\\/justsmile.hu\\\/hu\\\/#organization\",\"name\":\"JustSmile\",\"alternateName\":\"Just Smile\",\"url\":\"https:\\\/\\\/justsmile.hu\\\/hu\\\/\",\"logo\":{\"@type\":\"ImageObject\",\"inLanguage\":\"de\",\"@id\":\"https:\\\/\\\/justsmile.hu\\\/hu\\\/#\\\/schema\\\/logo\\\/image\\\/\",\"url\":\"https:\\\/\\\/justsmile.hu\\\/wp-content\\\/uploads\\\/2024\\\/01\\\/cropped-Frame-2-2.png\",\"contentUrl\":\"https:\\\/\\\/justsmile.hu\\\/wp-content\\\/uploads\\\/2024\\\/01\\\/cropped-Frame-2-2.png\",\"width\":512,\"height\":512,\"caption\":\"JustSmile\"},\"image\":{\"@id\":\"https:\\\/\\\/justsmile.hu\\\/hu\\\/#\\\/schema\\\/logo\\\/image\\\/\"}}]}<\/script>\n<!-- \/ Yoast SEO Premium plugin. -->","yoast_head_json":{"title":"Kieferorthop\u00e4die und \u00e4sthetische Zahnklinik in Budapest | Faire Preise","description":"JustSmile bietet Zahnkorrekturen v\u00f6llig schmerzfrei und zu erschwinglichen Preisen. Buche deinen kostenlosen Beratungstermin online.","robots":{"index":"index","follow":"follow","max-snippet":"max-snippet:-1","max-image-preview":"max-image-preview:large","max-video-preview":"max-video-preview:-1"},"canonical":"https:\/\/justsmile.hu\/de\/","og_locale":"de_DE","og_type":"article","og_title":"Home","og_description":"JustSmile offers teeth alignment completely pain free and at affordable prices. Book your free appointment online.","og_url":"https:\/\/justsmile.hu\/de\/","og_site_name":"JustSmile","article_modified_time":"2025-12-15T20:55:02+00:00","og_image":[{"width":2560,"height":1708,"url":"https:\/\/justsmile.hu\/wp-content\/uploads\/2024\/12\/FGT0376-scaled.jpg","type":"image\/jpeg"}],"twitter_card":"summary_large_image","twitter_misc":{"Gesch\u00e4tzte Lesezeit":"5\u00a0Minuten"},"schema":{"@context":"https:\/\/schema.org","@graph":[{"@type":"WebPage","@id":"https:\/\/justsmile.hu\/","url":"https:\/\/justsmile.hu\/","name":"Kieferorthop\u00e4die und \u00e4sthetische Zahnklinik in Budapest | Faire Preise","isPartOf":{"@id":"https:\/\/justsmile.hu\/hu\/#website"},"primaryImageOfPage":{"@id":"https:\/\/justsmile.hu\/#primaryimage"},"image":{"@id":"https:\/\/justsmile.hu\/#primaryimage"},"thumbnailUrl":"https:\/\/justsmile.hu\/wp-content\/uploads\/2024\/12\/FGT0376-scaled.jpg","datePublished":"2023-09-26T09:56:20+00:00","dateModified":"2025-12-15T20:55:02+00:00","description":"JustSmile bietet Zahnkorrekturen v\u00f6llig schmerzfrei und zu erschwinglichen Preisen. Buche deinen kostenlosen Beratungstermin online.","breadcrumb":{"@id":"https:\/\/justsmile.hu\/#breadcrumb"},"inLanguage":"de","potentialAction":[{"@type":"ReadAction","target":["https:\/\/justsmile.hu\/"]}]},{"@type":"ImageObject","inLanguage":"de","@id":"https:\/\/justsmile.hu\/#primaryimage","url":"https:\/\/justsmile.hu\/wp-content\/uploads\/2024\/12\/FGT0376-scaled.jpg","contentUrl":"https:\/\/justsmile.hu\/wp-content\/uploads\/2024\/12\/FGT0376-scaled.jpg","width":2560,"height":1708},{"@type":"BreadcrumbList","@id":"https:\/\/justsmile.hu\/#breadcrumb","itemListElement":[{"@type":"ListItem","position":1,"name":"Home","item":"https:\/\/justsmile.hu\/"},{"@type":"ListItem","position":2,"name":"Home"}]},{"@type":"WebSite","@id":"https:\/\/justsmile.hu\/hu\/#website","url":"https:\/\/justsmile.hu\/hu\/","name":"JustSmile","description":"","publisher":{"@id":"https:\/\/justsmile.hu\/hu\/#organization"},"alternateName":"Invisible braces for the perfect smile | at fair prices","potentialAction":[{"@type":"SearchAction","target":{"@type":"EntryPoint","urlTemplate":"https:\/\/justsmile.hu\/hu\/?s={search_term_string}"},"query-input":{"@type":"PropertyValueSpecification","valueRequired":true,"valueName":"search_term_string"}}],"inLanguage":"de"},{"@type":"Organization","@id":"https:\/\/justsmile.hu\/hu\/#organization","name":"JustSmile","alternateName":"Just Smile","url":"https:\/\/justsmile.hu\/hu\/","logo":{"@type":"ImageObject","inLanguage":"de","@id":"https:\/\/justsmile.hu\/hu\/#\/schema\/logo\/image\/","url":"https:\/\/justsmile.hu\/wp-content\/uploads\/2024\/01\/cropped-Frame-2-2.png","contentUrl":"https:\/\/justsmile.hu\/wp-content\/uploads\/2024\/01\/cropped-Frame-2-2.png","width":512,"height":512,"caption":"JustSmile"},"image":{"@id":"https:\/\/justsmile.hu\/hu\/#\/schema\/logo\/image\/"}}]}},"_links":{"self":[{"href":"https:\/\/justsmile.hu\/de\/wp-json\/wp\/v2\/pages\/10","targetHints":{"allow":["GET"]}}],"collection":[{"href":"https:\/\/justsmile.hu\/de\/wp-json\/wp\/v2\/pages"}],"about":[{"href":"https:\/\/justsmile.hu\/de\/wp-json\/wp\/v2\/types\/page"}],"author":[{"embeddable":true,"href":"https:\/\/justsmile.hu\/de\/wp-json\/wp\/v2\/users\/1"}],"replies":[{"embeddable":true,"href":"https:\/\/justsmile.hu\/de\/wp-json\/wp\/v2\/comments?post=10"}],"version-history":[{"count":4,"href":"https:\/\/justsmile.hu\/de\/wp-json\/wp\/v2\/pages\/10\/revisions"}],"predecessor-version":[{"id":784,"href":"https:\/\/justsmile.hu\/de\/wp-json\/wp\/v2\/pages\/10\/revisions\/784"}],"wp:featuredmedia":[{"embeddable":true,"href":"https:\/\/justsmile.hu\/de\/wp-json\/wp\/v2\/media\/1487"}],"wp:attachment":[{"href":"https:\/\/justsmile.hu\/de\/wp-json\/wp\/v2\/media?parent=10"}],"curies":[{"name":"wp","href":"https:\/\/api.w.org\/{rel}","templated":true}]}}