{"id":1200,"date":"2024-08-07T11:42:10","date_gmt":"2024-08-07T09:42:10","guid":{"rendered":"https:\/\/justsmile.hu\/?page_id=1200"},"modified":"2025-06-01T13:55:41","modified_gmt":"2025-06-01T11:55:41","slug":"veneers","status":"publish","type":"page","link":"https:\/\/justsmile.hu\/de\/pricing\/veneers\/","title":{"rendered":"Pricing Prosthodontics"},"content":{"rendered":"","protected":false},"excerpt":{"rendered":"","protected":false},"author":1,"featured_media":478,"parent":162,"menu_order":0,"comment_status":"closed","ping_status":"closed","template":"","meta":{"_acf_changed":false,"footnotes":""},"class_list":["post-1200","page","type-page","status-publish","format-standard","has-post-thumbnail","hentry"],"acf":[],"yoast_head":"<!-- This site is optimized with the Yoast SEO Premium plugin v27.5 (Yoast SEO v27.5) - https:\/\/yoast.com\/product\/yoast-seo-premium-wordpress\/ -->\n<title>Veneers, crowns &amp; bridges | 20% discount!<\/title>\n<meta name=\"description\" content=\"At JustSmile you can get your customized veneers for your flawless smile. No hidden costs. Book your free appointment online.\" \/>\n<meta name=\"robots\" content=\"index, follow, max-snippet:-1, max-image-preview:large, max-video-preview:-1\" \/>\n<link rel=\"canonical\" href=\"https:\/\/justsmile.hu\/de\/preise\/veneers\/\" \/>\n<meta property=\"og:locale\" content=\"de_DE\" \/>\n<meta property=\"og:type\" content=\"article\" \/>\n<meta property=\"og:title\" content=\"Pricing Prosthodontics\" \/>\n<meta property=\"og:description\" content=\"At JustSmile you can get your customized veneers for your flawless smile. No hidden costs. Book your free appointment online.\" \/>\n<meta property=\"og:url\" content=\"https:\/\/justsmile.hu\/de\/preise\/veneers\/\" \/>\n<meta property=\"og:site_name\" content=\"JustSmile\" \/>\n<meta property=\"article:modified_time\" content=\"2025-06-01T11:55:41+00:00\" \/>\n<meta property=\"og:image\" content=\"https:\/\/justsmile.hu\/wp-content\/uploads\/2023\/11\/shutterstock_2015671187-1024x683.jpg\" \/>\n\t<meta property=\"og:image:width\" content=\"1024\" \/>\n\t<meta property=\"og:image:height\" content=\"683\" \/>\n\t<meta property=\"og:image:type\" content=\"image\/jpeg\" \/>\n<meta name=\"twitter:card\" content=\"summary_large_image\" \/>\n<meta name=\"twitter:label1\" content=\"Gesch\u00e4tzte Lesezeit\" \/>\n\t<meta name=\"twitter:data1\" content=\"20\u00a0Minuten\" \/>\n<script type=\"application\/ld+json\" class=\"yoast-schema-graph\">{\"@context\":\"https:\\\/\\\/schema.org\",\"@graph\":[{\"@type\":\"WebPage\",\"@id\":\"https:\\\/\\\/justsmile.hu\\\/pricing\\\/veneers\\\/\",\"url\":\"https:\\\/\\\/justsmile.hu\\\/pricing\\\/veneers\\\/\",\"name\":\"Veneers, crowns & bridges | 20% discount!\",\"isPartOf\":{\"@id\":\"https:\\\/\\\/justsmile.hu\\\/hu\\\/#website\"},\"primaryImageOfPage\":{\"@id\":\"https:\\\/\\\/justsmile.hu\\\/pricing\\\/veneers\\\/#primaryimage\"},\"image\":{\"@id\":\"https:\\\/\\\/justsmile.hu\\\/pricing\\\/veneers\\\/#primaryimage\"},\"thumbnailUrl\":\"https:\\\/\\\/justsmile.hu\\\/wp-content\\\/uploads\\\/2023\\\/11\\\/shutterstock_2015671187.jpg\",\"datePublished\":\"2024-08-07T09:42:10+00:00\",\"dateModified\":\"2025-06-01T11:55:41+00:00\",\"description\":\"At JustSmile you can get your customized veneers for your flawless smile. No hidden costs. Book your free appointment online.\",\"breadcrumb\":{\"@id\":\"https:\\\/\\\/justsmile.hu\\\/pricing\\\/veneers\\\/#breadcrumb\"},\"inLanguage\":\"de\",\"potentialAction\":[{\"@type\":\"ReadAction\",\"target\":[\"https:\\\/\\\/justsmile.hu\\\/pricing\\\/veneers\\\/\"]}]},{\"@type\":\"ImageObject\",\"inLanguage\":\"de\",\"@id\":\"https:\\\/\\\/justsmile.hu\\\/pricing\\\/veneers\\\/#primaryimage\",\"url\":\"https:\\\/\\\/justsmile.hu\\\/wp-content\\\/uploads\\\/2023\\\/11\\\/shutterstock_2015671187.jpg\",\"contentUrl\":\"https:\\\/\\\/justsmile.hu\\\/wp-content\\\/uploads\\\/2023\\\/11\\\/shutterstock_2015671187.jpg\",\"width\":8256,\"height\":5504},{\"@type\":\"BreadcrumbList\",\"@id\":\"https:\\\/\\\/justsmile.hu\\\/pricing\\\/veneers\\\/#breadcrumb\",\"itemListElement\":[{\"@type\":\"ListItem\",\"position\":1,\"name\":\"Home\",\"item\":\"https:\\\/\\\/justsmile.hu\\\/\"},{\"@type\":\"ListItem\",\"position\":2,\"name\":\"Pricing Parent (do not unpublish or delete)\",\"item\":\"https:\\\/\\\/justsmile.hu\\\/arak\\\/\"},{\"@type\":\"ListItem\",\"position\":3,\"name\":\"Pricing Prosthodontics\"}]},{\"@type\":\"WebSite\",\"@id\":\"https:\\\/\\\/justsmile.hu\\\/hu\\\/#website\",\"url\":\"https:\\\/\\\/justsmile.hu\\\/hu\\\/\",\"name\":\"JustSmile\",\"description\":\"\",\"publisher\":{\"@id\":\"https:\\\/\\\/justsmile.hu\\\/hu\\\/#organization\"},\"alternateName\":\"Invisible braces for the perfect smile | at fair prices\",\"potentialAction\":[{\"@type\":\"SearchAction\",\"target\":{\"@type\":\"EntryPoint\",\"urlTemplate\":\"https:\\\/\\\/justsmile.hu\\\/hu\\\/?s={search_term_string}\"},\"query-input\":{\"@type\":\"PropertyValueSpecification\",\"valueRequired\":true,\"valueName\":\"search_term_string\"}}],\"inLanguage\":\"de\"},{\"@type\":\"Organization\",\"@id\":\"https:\\\/\\\/justsmile.hu\\\/hu\\\/#organization\",\"name\":\"JustSmile\",\"alternateName\":\"Just Smile\",\"url\":\"https:\\\/\\\/justsmile.hu\\\/hu\\\/\",\"logo\":{\"@type\":\"ImageObject\",\"inLanguage\":\"de\",\"@id\":\"https:\\\/\\\/justsmile.hu\\\/hu\\\/#\\\/schema\\\/logo\\\/image\\\/\",\"url\":\"https:\\\/\\\/justsmile.hu\\\/wp-content\\\/uploads\\\/2024\\\/01\\\/cropped-Frame-2-2.png\",\"contentUrl\":\"https:\\\/\\\/justsmile.hu\\\/wp-content\\\/uploads\\\/2024\\\/01\\\/cropped-Frame-2-2.png\",\"width\":512,\"height\":512,\"caption\":\"JustSmile\"},\"image\":{\"@id\":\"https:\\\/\\\/justsmile.hu\\\/hu\\\/#\\\/schema\\\/logo\\\/image\\\/\"}}]}<\/script>\n<!-- \/ Yoast SEO Premium plugin. -->","yoast_head_json":{"title":"Veneers, Kronen und Br\u00fccken | 20% Rabatt!","description":"Bei JustSmile erh\u00e4ltst du deine individuellen Veneers f\u00fcr ein makelloses L\u00e4cheln. Ohne versteckte Kosten. Buche deinen kostenlosen Termin online.","robots":{"index":"index","follow":"follow","max-snippet":"max-snippet:-1","max-image-preview":"max-image-preview:large","max-video-preview":"max-video-preview:-1"},"canonical":"https:\/\/justsmile.hu\/de\/preise\/veneers\/","og_locale":"de_DE","og_type":"article","og_title":"Pricing Prosthodontics","og_description":"At JustSmile you can get your customized veneers for your flawless smile. No hidden costs. Book your free appointment online.","og_url":"https:\/\/justsmile.hu\/de\/preise\/veneers\/","og_site_name":"JustSmile","article_modified_time":"2025-06-01T11:55:41+00:00","og_image":[{"width":1024,"height":683,"url":"https:\/\/justsmile.hu\/wp-content\/uploads\/2023\/11\/shutterstock_2015671187-1024x683.jpg","type":"image\/jpeg"}],"twitter_card":"summary_large_image","twitter_misc":{"Gesch\u00e4tzte Lesezeit":"20\u00a0Minuten"},"schema":{"@context":"https:\/\/schema.org","@graph":[{"@type":"WebPage","@id":"https:\/\/justsmile.hu\/pricing\/veneers\/","url":"https:\/\/justsmile.hu\/pricing\/veneers\/","name":"Veneers, Kronen und Br\u00fccken | 20% Rabatt!","isPartOf":{"@id":"https:\/\/justsmile.hu\/hu\/#website"},"primaryImageOfPage":{"@id":"https:\/\/justsmile.hu\/pricing\/veneers\/#primaryimage"},"image":{"@id":"https:\/\/justsmile.hu\/pricing\/veneers\/#primaryimage"},"thumbnailUrl":"https:\/\/justsmile.hu\/wp-content\/uploads\/2023\/11\/shutterstock_2015671187.jpg","datePublished":"2024-08-07T09:42:10+00:00","dateModified":"2025-06-01T11:55:41+00:00","description":"Bei JustSmile erh\u00e4ltst du deine individuellen Veneers f\u00fcr ein makelloses L\u00e4cheln. Ohne versteckte Kosten. Buche deinen kostenlosen Termin online.","breadcrumb":{"@id":"https:\/\/justsmile.hu\/pricing\/veneers\/#breadcrumb"},"inLanguage":"de","potentialAction":[{"@type":"ReadAction","target":["https:\/\/justsmile.hu\/pricing\/veneers\/"]}]},{"@type":"ImageObject","inLanguage":"de","@id":"https:\/\/justsmile.hu\/pricing\/veneers\/#primaryimage","url":"https:\/\/justsmile.hu\/wp-content\/uploads\/2023\/11\/shutterstock_2015671187.jpg","contentUrl":"https:\/\/justsmile.hu\/wp-content\/uploads\/2023\/11\/shutterstock_2015671187.jpg","width":8256,"height":5504},{"@type":"BreadcrumbList","@id":"https:\/\/justsmile.hu\/pricing\/veneers\/#breadcrumb","itemListElement":[{"@type":"ListItem","position":1,"name":"Home","item":"https:\/\/justsmile.hu\/"},{"@type":"ListItem","position":2,"name":"Pricing Parent (do not unpublish or delete)","item":"https:\/\/justsmile.hu\/arak\/"},{"@type":"ListItem","position":3,"name":"Pricing Prosthodontics"}]},{"@type":"WebSite","@id":"https:\/\/justsmile.hu\/hu\/#website","url":"https:\/\/justsmile.hu\/hu\/","name":"JustSmile","description":"","publisher":{"@id":"https:\/\/justsmile.hu\/hu\/#organization"},"alternateName":"Invisible braces for the perfect smile | at fair prices","potentialAction":[{"@type":"SearchAction","target":{"@type":"EntryPoint","urlTemplate":"https:\/\/justsmile.hu\/hu\/?s={search_term_string}"},"query-input":{"@type":"PropertyValueSpecification","valueRequired":true,"valueName":"search_term_string"}}],"inLanguage":"de"},{"@type":"Organization","@id":"https:\/\/justsmile.hu\/hu\/#organization","name":"JustSmile","alternateName":"Just Smile","url":"https:\/\/justsmile.hu\/hu\/","logo":{"@type":"ImageObject","inLanguage":"de","@id":"https:\/\/justsmile.hu\/hu\/#\/schema\/logo\/image\/","url":"https:\/\/justsmile.hu\/wp-content\/uploads\/2024\/01\/cropped-Frame-2-2.png","contentUrl":"https:\/\/justsmile.hu\/wp-content\/uploads\/2024\/01\/cropped-Frame-2-2.png","width":512,"height":512,"caption":"JustSmile"},"image":{"@id":"https:\/\/justsmile.hu\/hu\/#\/schema\/logo\/image\/"}}]}},"_links":{"self":[{"href":"https:\/\/justsmile.hu\/de\/wp-json\/wp\/v2\/pages\/1200","targetHints":{"allow":["GET"]}}],"collection":[{"href":"https:\/\/justsmile.hu\/de\/wp-json\/wp\/v2\/pages"}],"about":[{"href":"https:\/\/justsmile.hu\/de\/wp-json\/wp\/v2\/types\/page"}],"author":[{"embeddable":true,"href":"https:\/\/justsmile.hu\/de\/wp-json\/wp\/v2\/users\/1"}],"replies":[{"embeddable":true,"href":"https:\/\/justsmile.hu\/de\/wp-json\/wp\/v2\/comments?post=1200"}],"version-history":[{"count":5,"href":"https:\/\/justsmile.hu\/de\/wp-json\/wp\/v2\/pages\/1200\/revisions"}],"predecessor-version":[{"id":1318,"href":"https:\/\/justsmile.hu\/de\/wp-json\/wp\/v2\/pages\/1200\/revisions\/1318"}],"up":[{"embeddable":true,"href":"https:\/\/justsmile.hu\/de\/wp-json\/wp\/v2\/pages\/162"}],"wp:featuredmedia":[{"embeddable":true,"href":"https:\/\/justsmile.hu\/de\/wp-json\/wp\/v2\/media\/478"}],"wp:attachment":[{"href":"https:\/\/justsmile.hu\/de\/wp-json\/wp\/v2\/media?parent=1200"}],"curies":[{"name":"wp","href":"https:\/\/api.w.org\/{rel}","templated":true}]}}